{"id":1426,"date":"2024-08-16T12:19:50","date_gmt":"2024-08-16T12:19:50","guid":{"rendered":"https:\/\/ekspertzdrowia.com\/?post_type=product&#038;p=1426"},"modified":"2024-08-29T12:22:48","modified_gmt":"2024-08-29T12:22:48","slug":"wsparcie-zdrowotne-firma-dla-firm-po-angielsku","status":"publish","type":"product","link":"https:\/\/ekspertzdrowia.com\/en\/product\/wsparcie-zdrowotne-firma-dla-firm-po-angielsku\/","title":{"rendered":"Health Support Program for Companies | English Offer"},"content":{"rendered":"<ul>\n<li>Workshops for employees on health, wellness and natural treatment methods<\/li>\n<li>Monthly health consultations for employees<\/li>\n<li>Individual health plans for interested employees.<\/li>\n<li>Doctor Appointment Coordination and Support.<\/li>\n<li>Scheduling and coordinating medical appointments with specialists and general practitioners.<\/li>\n<li>Accompaniment to medical appointments to provide translation and support.<\/li>\n<li>Assistance with medical documentation and follow-up care instructions.<\/li>\n<\/ul>\n<p>Prices determined individually<\/p>","protected":false},"excerpt":{"rendered":"<p>Profesjonalne wsparcie zdrowotne dla pracownik\u00f3w: warsztaty wellness, comiesi\u0119czne konsultacje, indywidualne plany zdrowotne oraz koordynacja wizyt lekarskich i t\u0142umaczenie medyczne.<\/p>","protected":false},"featured_media":1428,"comment_status":"open","ping_status":"closed","template":"","meta":[],"product_brand":[],"product_cat":[28,33],"product_tag":[],"class_list":{"0":"post-1426","1":"product","2":"type-product","3":"status-publish","4":"has-post-thumbnail","6":"product_cat-konsultacje-po-angielsku","7":"product_cat-po-angielsku","9":"first","10":"instock","11":"virtual","12":"taxable","13":"product-type-simple"},"_links":{"self":[{"href":"https:\/\/ekspertzdrowia.com\/en\/wp-json\/wp\/v2\/product\/1426","targetHints":{"allow":["GET"]}}],"collection":[{"href":"https:\/\/ekspertzdrowia.com\/en\/wp-json\/wp\/v2\/product"}],"about":[{"href":"https:\/\/ekspertzdrowia.com\/en\/wp-json\/wp\/v2\/types\/product"}],"replies":[{"embeddable":true,"href":"https:\/\/ekspertzdrowia.com\/en\/wp-json\/wp\/v2\/comments?post=1426"}],"wp:featuredmedia":[{"embeddable":true,"href":"https:\/\/ekspertzdrowia.com\/en\/wp-json\/wp\/v2\/media\/1428"}],"wp:attachment":[{"href":"https:\/\/ekspertzdrowia.com\/en\/wp-json\/wp\/v2\/media?parent=1426"}],"wp:term":[{"taxonomy":"product_brand","embeddable":true,"href":"https:\/\/ekspertzdrowia.com\/en\/wp-json\/wp\/v2\/product_brand?post=1426"},{"taxonomy":"product_cat","embeddable":true,"href":"https:\/\/ekspertzdrowia.com\/en\/wp-json\/wp\/v2\/product_cat?post=1426"},{"taxonomy":"product_tag","embeddable":true,"href":"https:\/\/ekspertzdrowia.com\/en\/wp-json\/wp\/v2\/product_tag?post=1426"}],"curies":[{"name":"wp","href":"https:\/\/api.w.org\/{rel}","templated":true}]}}