{"id":1422,"date":"2024-08-16T12:17:26","date_gmt":"2024-08-16T12:17:26","guid":{"rendered":"https:\/\/ekspertzdrowia.com\/?post_type=product&#038;p=1422"},"modified":"2024-08-29T12:25:01","modified_gmt":"2024-08-29T12:25:01","slug":"wsparcie-wizyta-lekarska-po-angielsku","status":"publish","type":"product","link":"https:\/\/ekspertzdrowia.com\/en\/product\/wsparcie-wizyta-lekarska-po-angielsku\/","title":{"rendered":"Translation and Support during Medical Appointment (1 appointment) | English Offer"},"content":{"rendered":"<ul>\n<li>Doctor appointment coordination, assistance in finding and booking appointment.<\/li>\n<li>Accompaniment to medical appointment to provide language support and help with\ncommunication.<\/li>\n<li>Explanation of medical terms and procedures.<\/li>\n<li>Assistance with understanding medical advice and instructions from healthcare professionals.<\/li>\n<\/ul>","protected":false},"excerpt":{"rendered":"<p>Wsparcie medyczne, czyli koordynacja wizyt lekarskich, wsparcie j\u0119zykowe podczas wizyt, wyja\u015bnienie termin\u00f3w medycznych oraz pomoc w zrozumieniu porad i instrukcji od personelu.&#8221;<\/p>","protected":false},"featured_media":1429,"comment_status":"open","ping_status":"closed","template":"","meta":[],"product_brand":[],"product_cat":[28,33],"product_tag":[],"class_list":{"0":"post-1422","1":"product","2":"type-product","3":"status-publish","4":"has-post-thumbnail","6":"product_cat-konsultacje-po-angielsku","7":"product_cat-po-angielsku","9":"first","10":"instock","11":"virtual","12":"taxable","13":"purchasable","14":"product-type-simple"},"_links":{"self":[{"href":"https:\/\/ekspertzdrowia.com\/en\/wp-json\/wp\/v2\/product\/1422","targetHints":{"allow":["GET"]}}],"collection":[{"href":"https:\/\/ekspertzdrowia.com\/en\/wp-json\/wp\/v2\/product"}],"about":[{"href":"https:\/\/ekspertzdrowia.com\/en\/wp-json\/wp\/v2\/types\/product"}],"replies":[{"embeddable":true,"href":"https:\/\/ekspertzdrowia.com\/en\/wp-json\/wp\/v2\/comments?post=1422"}],"wp:featuredmedia":[{"embeddable":true,"href":"https:\/\/ekspertzdrowia.com\/en\/wp-json\/wp\/v2\/media\/1429"}],"wp:attachment":[{"href":"https:\/\/ekspertzdrowia.com\/en\/wp-json\/wp\/v2\/media?parent=1422"}],"wp:term":[{"taxonomy":"product_brand","embeddable":true,"href":"https:\/\/ekspertzdrowia.com\/en\/wp-json\/wp\/v2\/product_brand?post=1422"},{"taxonomy":"product_cat","embeddable":true,"href":"https:\/\/ekspertzdrowia.com\/en\/wp-json\/wp\/v2\/product_cat?post=1422"},{"taxonomy":"product_tag","embeddable":true,"href":"https:\/\/ekspertzdrowia.com\/en\/wp-json\/wp\/v2\/product_tag?post=1422"}],"curies":[{"name":"wp","href":"https:\/\/api.w.org\/{rel}","templated":true}]}}