{"id":1421,"date":"2024-08-16T12:15:03","date_gmt":"2024-08-16T12:15:03","guid":{"rendered":"https:\/\/ekspertzdrowia.com\/?post_type=product&#038;p=1421"},"modified":"2024-08-29T12:26:50","modified_gmt":"2024-08-29T12:26:50","slug":"konsultacja-farmaceutyczna-wizyta-lekarska-po-angielsku","status":"publish","type":"product","link":"https:\/\/ekspertzdrowia.com\/en\/product\/konsultacja-farmaceutyczna-wizyta-lekarska-po-angielsku\/","title":{"rendered":"E-mail + Pharmaceutical Teleconsultation + Medical Appointment Coordination | English Offer"},"content":{"rendered":"<ul>\n<li>Professional and understandable analysis of medications used by the patient.<\/li>\n<li>Information on over-the-counter (OTC) medications available in Poland.<\/li>\n<li>Guidance on the appropriate use of medicines, explanation of their effects and interactions in\nan accessible way and review any concerns about possible side effects.<\/li>\n<li>Providing information on preventive care with individual approach to each person and present\nrecommendations regarding treatment, supplementation, natural remedies and diet. You are guaranteed a holistic approach to the therapy.<\/li>\n<li>Doctor appointment coordination, assistance in finding and booking appointment with\nspecialists and general practitioners.<\/li>\n<li>Personalized advice on navigating the Polish healthcare system.<\/li>\n<li>A detailed consultation report and action plan send by e-mail.<\/li>\n<\/ul>\n<p><strong>During the consultation we will talk about:<\/strong><\/p>\n<ul>\n<li>if you know how to safely use the recommended medications<\/li>\n<li>whether the drugs you take do not cause interactions that are dangerous to health<\/li>\n<li>whether you experience side effects of medications that reduce the quality of your life<\/li>\n<li>whether you are taking too many medications or whether the active substances are\nduplicated<\/li>\n<li>what dietary supplements and natural preparations are worth including in the therapy, or\nmaybe there are already too many of them<\/li>\n<li>if food products can affect the effectiveness of therapy<\/li>\n<\/ul>","protected":false},"excerpt":{"rendered":"<p>Konsultacja farmaceutyczna: analiza lek\u00f3w, profilaktyka, suplementacja. Wsparcie dla obcokrajowc\u00f3w w poruszaniu si\u0119 po polskim systemie opieki zdrowotnej.<\/p>","protected":false},"featured_media":1431,"comment_status":"open","ping_status":"closed","template":"","meta":[],"product_brand":[],"product_cat":[28,33],"product_tag":[],"class_list":{"0":"post-1421","1":"product","2":"type-product","3":"status-publish","4":"has-post-thumbnail","6":"product_cat-konsultacje-po-angielsku","7":"product_cat-po-angielsku","9":"first","10":"instock","11":"virtual","12":"taxable","13":"purchasable","14":"product-type-simple"},"_links":{"self":[{"href":"https:\/\/ekspertzdrowia.com\/en\/wp-json\/wp\/v2\/product\/1421","targetHints":{"allow":["GET"]}}],"collection":[{"href":"https:\/\/ekspertzdrowia.com\/en\/wp-json\/wp\/v2\/product"}],"about":[{"href":"https:\/\/ekspertzdrowia.com\/en\/wp-json\/wp\/v2\/types\/product"}],"replies":[{"embeddable":true,"href":"https:\/\/ekspertzdrowia.com\/en\/wp-json\/wp\/v2\/comments?post=1421"}],"wp:featuredmedia":[{"embeddable":true,"href":"https:\/\/ekspertzdrowia.com\/en\/wp-json\/wp\/v2\/media\/1431"}],"wp:attachment":[{"href":"https:\/\/ekspertzdrowia.com\/en\/wp-json\/wp\/v2\/media?parent=1421"}],"wp:term":[{"taxonomy":"product_brand","embeddable":true,"href":"https:\/\/ekspertzdrowia.com\/en\/wp-json\/wp\/v2\/product_brand?post=1421"},{"taxonomy":"product_cat","embeddable":true,"href":"https:\/\/ekspertzdrowia.com\/en\/wp-json\/wp\/v2\/product_cat?post=1421"},{"taxonomy":"product_tag","embeddable":true,"href":"https:\/\/ekspertzdrowia.com\/en\/wp-json\/wp\/v2\/product_tag?post=1421"}],"curies":[{"name":"wp","href":"https:\/\/api.w.org\/{rel}","templated":true}]}}