{"id":1209,"date":"2024-07-28T14:51:40","date_gmt":"2024-07-28T14:51:40","guid":{"rendered":"https:\/\/ekspertzdrowia.com\/?post_type=product&#038;p=1209"},"modified":"2024-08-18T19:15:19","modified_gmt":"2024-08-18T19:15:19","slug":"program-wsparcie-zdrowotne-dla-firm","status":"publish","type":"product","link":"https:\/\/ekspertzdrowia.com\/en\/product\/program-wsparcie-zdrowotne-dla-firm\/","title":{"rendered":"Health support program for companies"},"content":{"rendered":"<ul>\n<li>Health workshops for employees on health, wellness, and natural treatment methods.<\/li>\n<li>Monthly health consultations for employees.<\/li>\n<li>Individual health plans for interested employees.<\/li>\n<\/ul>\n<p>Prices determined individually<\/p>","protected":false},"excerpt":{"rendered":"<p>Oferujemy warsztaty i wsparcie zdrowotne dla firm, obejmuj\u0105ce zdrowie, wellness i naturalne metody leczenia. Comiesi\u0119czne konsultacje i indywidualne plany zdrowotne dla pracownik\u00f3w.<\/p>","protected":false},"featured_media":1301,"comment_status":"open","ping_status":"closed","template":"","meta":[],"product_brand":[],"product_cat":[36,31],"product_tag":[],"class_list":{"0":"post-1209","1":"product","2":"type-product","3":"status-publish","4":"has-post-thumbnail","6":"product_cat-konsultacje-po-polsku","7":"product_cat-po-polsku","9":"first","10":"instock","11":"virtual","12":"taxable","13":"product-type-simple"},"_links":{"self":[{"href":"https:\/\/ekspertzdrowia.com\/en\/wp-json\/wp\/v2\/product\/1209","targetHints":{"allow":["GET"]}}],"collection":[{"href":"https:\/\/ekspertzdrowia.com\/en\/wp-json\/wp\/v2\/product"}],"about":[{"href":"https:\/\/ekspertzdrowia.com\/en\/wp-json\/wp\/v2\/types\/product"}],"replies":[{"embeddable":true,"href":"https:\/\/ekspertzdrowia.com\/en\/wp-json\/wp\/v2\/comments?post=1209"}],"wp:featuredmedia":[{"embeddable":true,"href":"https:\/\/ekspertzdrowia.com\/en\/wp-json\/wp\/v2\/media\/1301"}],"wp:attachment":[{"href":"https:\/\/ekspertzdrowia.com\/en\/wp-json\/wp\/v2\/media?parent=1209"}],"wp:term":[{"taxonomy":"product_brand","embeddable":true,"href":"https:\/\/ekspertzdrowia.com\/en\/wp-json\/wp\/v2\/product_brand?post=1209"},{"taxonomy":"product_cat","embeddable":true,"href":"https:\/\/ekspertzdrowia.com\/en\/wp-json\/wp\/v2\/product_cat?post=1209"},{"taxonomy":"product_tag","embeddable":true,"href":"https:\/\/ekspertzdrowia.com\/en\/wp-json\/wp\/v2\/product_tag?post=1209"}],"curies":[{"name":"wp","href":"https:\/\/api.w.org\/{rel}","templated":true}]}}