{"id":1208,"date":"2024-07-28T14:50:20","date_gmt":"2024-07-28T14:50:20","guid":{"rendered":"https:\/\/ekspertzdrowia.com\/?post_type=product&#038;p=1208"},"modified":"2024-08-29T11:00:09","modified_gmt":"2024-08-29T11:00:09","slug":"pakiet-konsultacje-zdrowotne","status":"publish","type":"product","link":"https:\/\/ekspertzdrowia.com\/en\/product\/pakiet-konsultacje-zdrowotne\/","title":{"rendered":"Health consultation package ( 3 consultations )"},"content":{"rendered":"<ul>\n<li>A detailed pharmacotherapy analysis will be conducted during the first session.<\/li>\n<li>Adjustment and monitoring of progress during subsequent sessions.<\/li>\n<li>A comprehensive action plan including pharmacotherapy, supplementation, phytotherapy, and dietary changes.<\/li>\n<li>Full email support between sessions to answer any questions.<\/li>\n<\/ul>\n<p>Subsequent consultations at intervals of 1-2 months.<\/p>","protected":false},"excerpt":{"rendered":"<p>Konsultacje zdrowotne, podczas kt\u00f3rej szczeg\u00f3\u0142owo przeanalizuj\u0119 farmakoterapi\u0119 podczas pierwszej sesji. Dostosowanie i monitorowanie post\u0119p\u00f3w w kolejnych sesjach, odbywaj\u0105cych si\u0119 co 1-2 miesi\u0105ce. Tworzenie kompleksowego planu dzia\u0142ania, obejmuj\u0105cego farmakoterapi\u0119, suplementacj\u0119, fitoterapi\u0119 i zmiany w diecie. Pe\u0142ne wsparcie mailowe mi\u0119dzy sesjami, umo\u017cliwiaj\u0105ce odpowiedzi na pytania i dodatkow\u0105 pomoc.<\/p>","protected":false},"featured_media":1300,"comment_status":"open","ping_status":"closed","template":"","meta":[],"product_brand":[],"product_cat":[36,31],"product_tag":[],"class_list":{"0":"post-1208","1":"product","2":"type-product","3":"status-publish","4":"has-post-thumbnail","6":"product_cat-konsultacje-po-polsku","7":"product_cat-po-polsku","9":"first","10":"instock","11":"virtual","12":"taxable","13":"purchasable","14":"product-type-simple"},"_links":{"self":[{"href":"https:\/\/ekspertzdrowia.com\/en\/wp-json\/wp\/v2\/product\/1208","targetHints":{"allow":["GET"]}}],"collection":[{"href":"https:\/\/ekspertzdrowia.com\/en\/wp-json\/wp\/v2\/product"}],"about":[{"href":"https:\/\/ekspertzdrowia.com\/en\/wp-json\/wp\/v2\/types\/product"}],"replies":[{"embeddable":true,"href":"https:\/\/ekspertzdrowia.com\/en\/wp-json\/wp\/v2\/comments?post=1208"}],"wp:featuredmedia":[{"embeddable":true,"href":"https:\/\/ekspertzdrowia.com\/en\/wp-json\/wp\/v2\/media\/1300"}],"wp:attachment":[{"href":"https:\/\/ekspertzdrowia.com\/en\/wp-json\/wp\/v2\/media?parent=1208"}],"wp:term":[{"taxonomy":"product_brand","embeddable":true,"href":"https:\/\/ekspertzdrowia.com\/en\/wp-json\/wp\/v2\/product_brand?post=1208"},{"taxonomy":"product_cat","embeddable":true,"href":"https:\/\/ekspertzdrowia.com\/en\/wp-json\/wp\/v2\/product_cat?post=1208"},{"taxonomy":"product_tag","embeddable":true,"href":"https:\/\/ekspertzdrowia.com\/en\/wp-json\/wp\/v2\/product_tag?post=1208"}],"curies":[{"name":"wp","href":"https:\/\/api.w.org\/{rel}","templated":true}]}}