{"id":1207,"date":"2024-07-28T14:49:46","date_gmt":"2024-07-28T14:49:46","guid":{"rendered":"https:\/\/ekspertzdrowia.com\/?post_type=product&#038;p=1207"},"modified":"2024-08-18T19:14:36","modified_gmt":"2024-08-18T19:14:36","slug":"konsultacja-farmaceutyczna-e-mail-teleporada","status":"publish","type":"product","link":"https:\/\/ekspertzdrowia.com\/en\/product\/konsultacja-farmaceutyczna-e-mail-teleporada\/","title":{"rendered":"Pharmaceutical consultation by e-mail + teleconsultation"},"content":{"rendered":"<ul>\n<li>Professional and understandable analysis of the medications used by the patient.<\/li>\n<li>I explain the effects of medications and interactions in an accessible manner.<\/li>\n<li>I analyze any concerns regarding side effects if there is a suspicion that medications are worsening well-being.<\/li>\n<li>I approach each individual personally and provide recommendations regarding treatment, supplementation, and diet.<\/li>\n<\/ul>\n<p>You are guaranteed a holistic approach to therapy.<\/p>\n<p>I will email a detailed consultation report along with an action plan.<\/p>\n<p>During the consultation we will talk about:<\/p>\n<ul>\n<li>if you know how to safely use the recommended medications<\/li>\n<li>whether the drugs you take do not cause interactions that are dangerous to health<\/li>\n<li>whether you experience side effects of medications that reduce the quality of your life<\/li>\n<li>whether you are taking too many medications or whether the active substances are\nduplicated<\/li>\n<li>what dietary supplements and natural preparations are worth including in the therapy, or\nmaybe there are already too many of them<\/li>\n<li>if food products can affect the effectiveness of therapy<\/li>\n<\/ul>","protected":false},"excerpt":{"rendered":"<p>Konsultacja farmaceutyczna, czyli profesjonalna analiza lek\u00f3w, ich dzia\u0142ania i interakcji. Dostosowanie leczenia, suplementacji i diety. Szczeg\u00f3\u0142owy raport i plan wysy\u0142any e-mailem.<\/p>","protected":false},"featured_media":1291,"comment_status":"open","ping_status":"closed","template":"","meta":[],"product_brand":[],"product_cat":[36,31],"product_tag":[],"class_list":{"0":"post-1207","1":"product","2":"type-product","3":"status-publish","4":"has-post-thumbnail","6":"product_cat-konsultacje-po-polsku","7":"product_cat-po-polsku","9":"first","10":"instock","11":"virtual","12":"taxable","13":"purchasable","14":"product-type-simple"},"_links":{"self":[{"href":"https:\/\/ekspertzdrowia.com\/en\/wp-json\/wp\/v2\/product\/1207","targetHints":{"allow":["GET"]}}],"collection":[{"href":"https:\/\/ekspertzdrowia.com\/en\/wp-json\/wp\/v2\/product"}],"about":[{"href":"https:\/\/ekspertzdrowia.com\/en\/wp-json\/wp\/v2\/types\/product"}],"replies":[{"embeddable":true,"href":"https:\/\/ekspertzdrowia.com\/en\/wp-json\/wp\/v2\/comments?post=1207"}],"wp:featuredmedia":[{"embeddable":true,"href":"https:\/\/ekspertzdrowia.com\/en\/wp-json\/wp\/v2\/media\/1291"}],"wp:attachment":[{"href":"https:\/\/ekspertzdrowia.com\/en\/wp-json\/wp\/v2\/media?parent=1207"}],"wp:term":[{"taxonomy":"product_brand","embeddable":true,"href":"https:\/\/ekspertzdrowia.com\/en\/wp-json\/wp\/v2\/product_brand?post=1207"},{"taxonomy":"product_cat","embeddable":true,"href":"https:\/\/ekspertzdrowia.com\/en\/wp-json\/wp\/v2\/product_cat?post=1207"},{"taxonomy":"product_tag","embeddable":true,"href":"https:\/\/ekspertzdrowia.com\/en\/wp-json\/wp\/v2\/product_tag?post=1207"}],"curies":[{"name":"wp","href":"https:\/\/api.w.org\/{rel}","templated":true}]}}