{"id":1205,"date":"2024-07-28T14:48:41","date_gmt":"2024-07-28T14:48:41","guid":{"rendered":"https:\/\/ekspertzdrowia.com\/?post_type=product&#038;p=1205"},"modified":"2024-08-29T10:51:44","modified_gmt":"2024-08-29T10:51:44","slug":"konsultacja-zdrowotna-e-mail","status":"publish","type":"product","link":"https:\/\/ekspertzdrowia.com\/en\/product\/konsultacja-zdrowotna-e-mail\/","title":{"rendered":"Email pharmaceutical consultation - initial consultation and health assessment"},"content":{"rendered":"<ul>\n<li>Analysis of currently used medications.<\/li>\n<li>Suggestions regarding supplementation and phytotherapy.<\/li>\n<li>Answers to questions about medications and supplements.<\/li>\n<li>A short report from the consultation sent by e-mail.<\/li>\n<\/ul>","protected":false},"excerpt":{"rendered":"<p>Konsultacja zdrowotna, czyli analiza aktualnie stosowanych lek\u00f3w, sugestie dotycz\u0105ce suplementacji i fitoterapii. Odpowiedzi na pytania dotycz\u0105ce lek\u00f3w i suplement\u00f3w. Kr\u00f3tki raport z konsultacji przes\u0142any e-mailem.<\/p>","protected":false},"featured_media":1299,"comment_status":"open","ping_status":"closed","template":"","meta":[],"product_brand":[],"product_cat":[36,31],"product_tag":[],"class_list":{"0":"post-1205","1":"product","2":"type-product","3":"status-publish","4":"has-post-thumbnail","6":"product_cat-konsultacje-po-polsku","7":"product_cat-po-polsku","9":"first","10":"instock","11":"virtual","12":"taxable","13":"purchasable","14":"product-type-simple"},"_links":{"self":[{"href":"https:\/\/ekspertzdrowia.com\/en\/wp-json\/wp\/v2\/product\/1205","targetHints":{"allow":["GET"]}}],"collection":[{"href":"https:\/\/ekspertzdrowia.com\/en\/wp-json\/wp\/v2\/product"}],"about":[{"href":"https:\/\/ekspertzdrowia.com\/en\/wp-json\/wp\/v2\/types\/product"}],"replies":[{"embeddable":true,"href":"https:\/\/ekspertzdrowia.com\/en\/wp-json\/wp\/v2\/comments?post=1205"}],"wp:featuredmedia":[{"embeddable":true,"href":"https:\/\/ekspertzdrowia.com\/en\/wp-json\/wp\/v2\/media\/1299"}],"wp:attachment":[{"href":"https:\/\/ekspertzdrowia.com\/en\/wp-json\/wp\/v2\/media?parent=1205"}],"wp:term":[{"taxonomy":"product_brand","embeddable":true,"href":"https:\/\/ekspertzdrowia.com\/en\/wp-json\/wp\/v2\/product_brand?post=1205"},{"taxonomy":"product_cat","embeddable":true,"href":"https:\/\/ekspertzdrowia.com\/en\/wp-json\/wp\/v2\/product_cat?post=1205"},{"taxonomy":"product_tag","embeddable":true,"href":"https:\/\/ekspertzdrowia.com\/en\/wp-json\/wp\/v2\/product_tag?post=1205"}],"curies":[{"name":"wp","href":"https:\/\/api.w.org\/{rel}","templated":true}]}}