{"id":354,"date":"2021-12-06T18:15:08","date_gmt":"2021-12-06T18:15:08","guid":{"rendered":"https:\/\/impreza22.us-themes.com\/?page_id=354"},"modified":"2026-02-10T20:26:31","modified_gmt":"2026-02-10T20:26:31","slug":"strona-glowna","status":"publish","type":"page","link":"https:\/\/ekspertzdrowia.com\/en\/","title":{"rendered":"Main page"},"content":{"rendered":"<section class=\"l-section wpb_row height_large color_footer-bottom\"><div class=\"l-section-h i-cf\"><div class=\"g-cols vc_row via_grid cols_1 laptops-cols_inherit tablets-cols_inherit mobiles-cols_1 valign_top type_default stacking_default\"><div class=\"wpb_column vc_column_container\"><div class=\"vc_column-inner\"><div class=\"w-text us_custom_b8540f4a has_text_color\"><span class=\"w-text-h\"><span class=\"w-text-value\">MSc. Maria Karpowicz, Pharmacist<\/span><\/span><\/div><div class=\"w-separator size_small\"><\/div><h1 class=\"w-text us_custom_2774bef1\"><span class=\"w-text-h\"><span class=\"w-text-value\">Your Health in Good Hands <span class=\"subheadline\">Medycyna Naturalna, Fitoterapia i Opieka Farmaceutyczna<\/span><\/span><\/span><\/h1><div class=\"w-separator size_medium\"><\/div><div class=\"wpb_text_column us_custom_933613eb\"><div class=\"wpb_wrapper\"><p style=\"text-align: left;\">Health is the greatest value for most of us, everyone would like to take care of it as best as\npossible.<\/p>\n<p style=\"text-align: left;\">This is particularly problematic for seniors, chronically ill people and foreigners\nliving in Poland, who have difficulties communicating with doctors and accessing\nappropriate medical services.<\/p>\n<\/div><\/div><div class=\"w-separator size_medium\"><\/div><div class=\"w-hwrapper valign_top wrap align_none\"><div class=\"w-btn-wrapper align_none\"><a class=\"w-btn us-btn-style_2\" href=\"#kontakt\"><span class=\"w-btn-label\">Schedule an appointment<\/span><\/a><\/div><div class=\"w-btn-wrapper align_none\"><a class=\"w-btn us-btn-style_1\" href=\"#o-mnie\"><span class=\"w-btn-label\">Services<\/span><\/a><\/div><\/div><\/div><\/div><\/div><\/div><\/section><section class=\"l-section wpb_row height_large\" id=\"o-mnie\"><div class=\"l-section-h i-cf\"><div class=\"g-cols vc_row via_grid cols_3-2 laptops-cols_inherit tablets-cols_inherit mobiles-cols_1 valign_top type_default stacking_default\" style=\"--gap:4vw;\"><div class=\"wpb_column vc_column_container\"><div class=\"vc_column-inner\"><div class=\"wpb_text_column\"><div class=\"wpb_wrapper\"><h2>Take Care of Yourself<\/h2>\n<div>My mission is to support effective recovery for everyone in need, especially seniors, chronically ill individuals, and foreigners living in Poland, who have difficulties accessing proper medical services.<\/div>\n<div>\u00a0<\/div>\n<div>My goal is to help You to understand the treatment and encourage preventive care,\nsupporting disease prevention holistically and safely.<\/div>\n<div>\u00a0<\/div>\n<p>As a Master of Pharmacy with many years of experience, and <strong>a specialist in pharmaceutical care and phytotherapy,<\/strong> I provide personalized medical services, offering professional care in both Polish and English.<\/p>\n<p>These include email, phone, and online consultations:<\/p>\n<\/div><\/div><div class=\"w-separator size_medium\"><\/div><div class=\"w-iconbox us_custom_48424b70 iconpos_left style_default color_primary align_left no_text\"><div class=\"w-iconbox-icon\" style=\"font-size:2.4rem;\"><i class=\"fas fa-pills\"><\/i><\/div><div class=\"w-iconbox-meta\"><p class=\"w-iconbox-title\" style=\"font-size:1.1rem;\">Helping You to understand treatments, dosages, and drug interactions.<\/p><\/div><\/div><div class=\"w-separator size_small\"><\/div><div class=\"w-iconbox us_custom_48424b70 iconpos_left style_default color_primary align_left no_text\"><div class=\"w-iconbox-icon\" style=\"font-size:2.4rem;\"><i class=\"fas fa-user-nurse\"><\/i><\/div><div class=\"w-iconbox-meta\"><p class=\"w-iconbox-title\" style=\"font-size:1.1rem;\">Supporting You in effective recovery and encourage preventive care.<\/p><\/div><\/div><div class=\"w-separator size_medium\"><\/div><div class=\"wpb_text_column\"><div class=\"wpb_wrapper\"><p>I provide consultations on over-the-counter medications and supplements. I can also assist\nand translate during doctors&#039; appointments.<\/p>\n<p>My services provide patients and caretakers of chronically ill with comfort and support to\nlook after their health.<\/p>\n<\/div><\/div><\/div><\/div><div class=\"wpb_column vc_column_container\"><div class=\"vc_column-inner\"><div class=\"w-image has_ratio align_none\"><div class=\"w-image-h\"><div style=\"padding-bottom:125%\"><\/div><img decoding=\"async\" width=\"770\" height=\"1024\" src=\"https:\/\/ekspertzdrowia.com\/wp-content\/uploads\/2024\/07\/IMG_20230302_111524-770x1024.jpg\" class=\"attachment-large size-large\" alt=\"Marta Karpowicz, ekspert zdrowia, opieki farmaceutycznej i fitoterapii. Ma blond w\u0142osy, okulary, granatowy sweter, zielony szal, patrzy prosto w kamer\u0119.\" loading=\"lazy\" srcset=\"https:\/\/ekspertzdrowia.com\/wp-content\/uploads\/2024\/07\/IMG_20230302_111524-770x1024.jpg 770w, https:\/\/ekspertzdrowia.com\/wp-content\/uploads\/2024\/07\/IMG_20230302_111524-scaled-600x798.jpg 600w, https:\/\/ekspertzdrowia.com\/wp-content\/uploads\/2024\/07\/IMG_20230302_111524-226x300.jpg 226w, https:\/\/ekspertzdrowia.com\/wp-content\/uploads\/2024\/07\/IMG_20230302_111524-scaled.jpg 1924w\" sizes=\"auto, (max-width: 770px) 100vw, 770px\" \/><\/div><\/div><\/div><\/div><\/div><\/div><\/section><section class=\"l-section wpb_row height_large\"><div class=\"l-section-h i-cf\"><div class=\"g-cols vc_row via_grid cols_1 laptops-cols_inherit tablets-cols_inherit mobiles-cols_1 valign_top type_default stacking_default\"><div class=\"wpb_column vc_column_container\"><div class=\"vc_column-inner\"><div class=\"wpb_text_column us_custom_38e07046\"><div class=\"wpb_wrapper\"><h2 style=\"text-align: left;\">How Can I Help?<\/h2>\n<p style=\"text-align: left;\"><span>I have many years of experience working as a pharmacist with patients from Poland and abroad. My practical skills include:<\/span><\/p>\n<\/div><\/div><div class=\"w-separator size_small\"><\/div><div class=\"w-btn-wrapper align_left\"><a class=\"w-btn us-btn-style_2\" href=\"\/en\/product-category\/konsultacje\/\"><span class=\"w-btn-label\">Consultations<\/span><\/a><\/div><div class=\"w-separator size_medium\"><\/div><div class=\"w-hwrapper valign_stretch wrap default_align_left laptops_align_justify tablets_align_justify mobiles_align_none\"><div class=\"w-iconbox us_custom_105693f6 iconpos_left style_circle color_primary align_left\"><div class=\"w-iconbox-icon\" style=\"font-size:1.2rem;\"><i class=\"fas fa-user-md\"><\/i><\/div><div class=\"w-iconbox-meta\"><h3 class=\"w-iconbox-title\" style=\"font-size:1.2rem;\">Support for seniors<\/h3><div class=\"w-iconbox-text\"><p>Supporting seniors, their caregivers, and chronically ill individuals in monitoring treatment.<\/p>\n<\/div><\/div><\/div><div class=\"w-iconbox us_custom_2818ec09 iconpos_left style_circle color_primary align_left\"><div class=\"w-iconbox-icon\" style=\"font-size:1.2rem;\"><i class=\"fas fa-calendar-plus\"><\/i><\/div><div class=\"w-iconbox-meta\"><h3 class=\"w-iconbox-title\" style=\"font-size:1.2rem;\">Health Consultations<\/h3><div class=\"w-iconbox-text\"><p>Providing health consultations in the fields of pharmacotherapy and phytotherapy.<\/p>\n<\/div><\/div><\/div><div class=\"w-iconbox us_custom_eee8395f iconpos_left style_circle color_primary align_left\"><div class=\"w-iconbox-icon\" style=\"font-size:1.2rem;\"><i class=\"fas fa-hand-holding-medical\"><\/i><\/div><div class=\"w-iconbox-meta\"><h3 class=\"w-iconbox-title\" style=\"font-size:1.2rem;\">Education and prevention<\/h3><div class=\"w-iconbox-text\"><p>Conducting health education programs, prevention, and holistic health approaches.<\/p>\n<\/div><\/div><\/div><div class=\"w-iconbox us_custom_3b1a5348 iconpos_left style_circle color_primary align_left\"><div class=\"w-iconbox-icon\" style=\"font-size:1.2rem;\"><i class=\"fas fa-thumbs-up\"><\/i><\/div><div class=\"w-iconbox-meta\"><h3 class=\"w-iconbox-title\" style=\"font-size:1.2rem;\">Support for foreigners<\/h3><div class=\"w-iconbox-text\"><p>Assisting foreigners in finding the best solutions for their health issues, coordinating, and providing support during medical visits.<\/p>\n<\/div><\/div><\/div><div class=\"w-iconbox us_custom_c6335ace iconpos_left style_circle color_primary align_left\"><div class=\"w-iconbox-icon\" style=\"font-size:1.2rem;\"><i class=\"fas fa-scroll\"><\/i><\/div><div class=\"w-iconbox-meta\"><h3 class=\"w-iconbox-title\" style=\"font-size:1.2rem;\">Pharmaceutical care<\/h3><div class=\"w-iconbox-text\"><p>Performing medication reviews, assessing drug interactions, and consulting on over-the-counter medications and supplements.<\/p>\n<\/div><\/div><\/div><\/div><\/div><\/div><\/div><\/div><\/section><section class=\"l-section wpb_row us_custom_c70c97eb height_large\"><div class=\"l-section-h i-cf\"><div class=\"g-cols vc_row via_grid cols_1 laptops-cols_inherit tablets-cols_1 mobiles-cols_1 valign_top type_default stacking_default\" style=\"--gap:20px;\"><div class=\"wpb_column vc_column_container us_custom_c70c97eb has_bg_color\"><div class=\"vc_column-inner\"><h2 class=\"w-text us_custom_2774bef1\"><span class=\"w-text-h\"><span class=\"w-text-value\">Choose an Expert<\/span><\/span><\/h2><div class=\"w-separator size_medium\"><\/div><div class=\"g-cols wpb_row via_grid cols_2 laptops-cols_inherit tablets-cols_1 mobiles-cols_1 valign_top type_default stacking_default\" style=\"--gap:3rem;\"><div class=\"wpb_column vc_column_container\"><div class=\"vc_column-inner\"><div class=\"w-iconbox us_custom_f37b25c6 iconpos_left style_circle color_primary align_left no_text\"><div class=\"w-iconbox-icon\" style=\"font-size:1.2rem;\"><i class=\"fas fa-check\"><\/i><\/div><div class=\"w-iconbox-meta\"><p class=\"w-iconbox-title\">I completed postgraduate studies in pharmaceutical care and phytotherapy at the Higher School of Vocational Education in Wroc\u0142aw.<\/p><\/div><\/div><\/div><\/div><div class=\"wpb_column vc_column_container\"><div class=\"vc_column-inner\"><div class=\"w-iconbox us_custom_f37b25c6 iconpos_left style_circle color_primary align_left no_text\"><div class=\"w-iconbox-icon\" style=\"font-size:1.2rem;\"><i class=\"fas fa-check\"><\/i><\/div><div class=\"w-iconbox-meta\"><p class=\"w-iconbox-title\">I earned my Master's degree in Pharmacy from the Medical University of Warsaw.<\/p><\/div><\/div><\/div><\/div><div class=\"wpb_column vc_column_container\"><div class=\"vc_column-inner\"><div class=\"w-iconbox us_custom_f37b25c6 iconpos_left style_circle color_primary align_left no_text\"><div class=\"w-iconbox-icon\" style=\"font-size:1.2rem;\"><i class=\"fas fa-check\"><\/i><\/div><div class=\"w-iconbox-meta\"><p class=\"w-iconbox-title\">I obtained a Master's degree from the American institution Clark University, which allows me to communicate fluently in English.<\/p><\/div><\/div><\/div><\/div><div class=\"wpb_column vc_column_container\"><div class=\"vc_column-inner\"><div class=\"w-iconbox us_custom_f37b25c6 iconpos_left style_circle color_primary align_left no_text\"><div class=\"w-iconbox-icon\" style=\"font-size:1.2rem;\"><i class=\"fas fa-check\"><\/i><\/div><div class=\"w-iconbox-meta\"><p class=\"w-iconbox-title\">I regularly participate in training sessions and conferences to stay up-to-date with the latest advancements in the fields of pharmacy and natural medicine.<\/p><\/div><\/div><\/div><\/div><\/div><\/div><\/div><\/div><\/div><\/section><section class=\"l-section wpb_row height_large\"><div class=\"l-section-h i-cf\"><div class=\"g-cols vc_row via_grid cols_1 laptops-cols_inherit tablets-cols_inherit mobiles-cols_1 valign_top type_default stacking_default\"><div class=\"wpb_column vc_column_container\"><div class=\"vc_column-inner\"><div class=\"wpb_text_column us_custom_38e07046\"><div class=\"wpb_wrapper\"><h2 style=\"text-align: left;\"><strong><span>Vision and Values<\/span><\/strong><\/h2>\n<p style=\"text-align: left;\"><span>I believe that health is the greatest value for many of us, and every individual deserves a personalized approach and full support in striving for better health. My core values in my work are:<\/span><\/p>\n<\/div><\/div><div class=\"w-separator size_large\"><\/div><div class=\"g-cols wpb_row via_grid cols_3 laptops-cols_2 tablets-cols_inherit mobiles-cols_1 valign_top type_default stacking_default\" style=\"--gap:3rem;\"><div class=\"wpb_column vc_column_container\"><div class=\"vc_column-inner\"><div class=\"w-iconbox iconpos_left style_default color_primary align_none\"><div class=\"w-iconbox-icon\" style=\"font-size:1.2rem;\"><i class=\"fas fa-heart\"><\/i><\/div><div class=\"w-iconbox-meta\"><h3 class=\"w-iconbox-title\" style=\"font-size:1.2rem;\">Empathy and Respect<\/h3><div class=\"w-iconbox-text\"><div>Understanding and treating everyone with dignity, considering their needs, values, and beliefs.<\/div>\n<div>\u00a0<\/div>\n<\/div><\/div><\/div><\/div><\/div><div class=\"wpb_column vc_column_container\"><div class=\"vc_column-inner\"><div class=\"w-iconbox iconpos_left style_default color_primary align_none\"><div class=\"w-iconbox-icon\" style=\"font-size:1.2rem;\"><i class=\"fas fa-handshake\"><\/i><\/div><div class=\"w-iconbox-meta\"><h3 class=\"w-iconbox-title\" style=\"font-size:1.2rem;\">Professionalism and Competence<\/h3><div class=\"w-iconbox-text\"><p><span>Maintaining high ethical and professional standards, continually improving professional qualifications.<\/span><\/p>\n<\/div><\/div><\/div><\/div><\/div><div class=\"wpb_column vc_column_container\"><div class=\"vc_column-inner\"><div class=\"w-iconbox iconpos_left style_default color_primary align_none\"><div class=\"w-iconbox-icon\" style=\"font-size:1.2rem;\"><i class=\"fas fa-user-nurse\"><\/i><\/div><div class=\"w-iconbox-meta\"><h3 class=\"w-iconbox-title\" style=\"font-size:1.2rem;\">Holistic and Individual Approach<\/h3><div class=\"w-iconbox-text\"><p><span>Considering all aspects of the patient's health.<\/span><\/p>\n<\/div><\/div><\/div><\/div><\/div><div class=\"wpb_column vc_column_container\"><div class=\"vc_column-inner\"><div class=\"w-iconbox iconpos_left style_default color_primary align_none\"><div class=\"w-iconbox-icon\" style=\"font-size:1.2rem;\"><i class=\"fas fa-check\"><\/i><\/div><div class=\"w-iconbox-meta\"><h3 class=\"w-iconbox-title\" style=\"font-size:1.2rem;\">Commitment and Collaboration<\/h3><div class=\"w-iconbox-text\"><p><span>Motivation and seeking the best solutions for health and well-being.<\/span><\/p>\n<\/div><\/div><\/div><\/div><\/div><div class=\"wpb_column vc_column_container\"><div class=\"vc_column-inner\"><div class=\"w-iconbox iconpos_left style_default color_primary align_none\"><div class=\"w-iconbox-icon\" style=\"font-size:1.2rem;\"><i class=\"fas fa-hands\"><\/i><\/div><div class=\"w-iconbox-meta\"><h3 class=\"w-iconbox-title\" style=\"font-size:1.2rem;\">Cross-Cultural Communication<\/h3><div class=\"w-iconbox-text\"><p><span>Ensuring that medical information is conveyed in an understandable manner, actively listening, and addressing their concerns and questions with patience and respect.<\/span><\/p>\n<\/div><\/div><\/div><\/div><\/div><\/div><\/div><\/div><\/div><\/div><\/section><section class=\"l-section wpb_row us_custom_b03640aa height_large\" id=\"kontakt\"><div class=\"l-section-h i-cf\"><div class=\"g-cols vc_row via_grid cols_1 laptops-cols_inherit tablets-cols_1 mobiles-cols_1 valign_top type_default stacking_default\" style=\"--gap:20px;\"><div class=\"wpb_column vc_column_container\"><div class=\"vc_column-inner\"><div class=\"wpb_text_column\"><div class=\"wpb_wrapper\"><h2>Contact<\/h2>\n<\/div><\/div><div class=\"w-separator size_small\"><\/div><div class=\"w-text\"><span class=\"w-text-h\"><span class=\"w-text-value\">Feel free to use the form or other contact methods.<\/span><\/span><\/div><div class=\"w-separator size_medium\"><\/div><div class=\"g-cols wpb_row via_grid cols_2 laptops-cols_inherit tablets-cols_inherit mobiles-cols_1 valign_top type_default stacking_default\" style=\"--gap:3rem;\"><div class=\"wpb_column vc_column_container\"><div class=\"vc_column-inner\"><div class=\"w-vwrapper align_none valign_top\" style=\"--vwrapper-gap:2rem\"><div class=\"w-iconbox iconpos_left style_circle color_primary align_left\"><div class=\"w-iconbox-icon\" style=\"font-size:1.6rem;\"><i class=\"fab fa-instagram\"><\/i><\/div><div class=\"w-iconbox-meta\"><h3 class=\"w-iconbox-title\" style=\"font-size:22px;\">Instagram<\/h3><div class=\"w-iconbox-text\"><p>@_ekspert_zdrowia<\/p>\n<\/div><\/div><\/div><div class=\"w-iconbox iconpos_left style_circle color_primary align_left\"><div class=\"w-iconbox-icon\" style=\"font-size:1.6rem;\"><i class=\"fas fa-phone\"><\/i><\/div><div class=\"w-iconbox-meta\"><h3 class=\"w-iconbox-title\" style=\"font-size:22px;\">Telefon<\/h3><div class=\"w-iconbox-text\"><p>+48 782 391 151<\/p>\n<\/div><\/div><\/div><div class=\"w-iconbox iconpos_left style_circle color_primary align_left\"><div class=\"w-iconbox-icon\" style=\"font-size:1.6rem;\"><i class=\"fas fa-envelope\"><\/i><\/div><div class=\"w-iconbox-meta\"><h3 class=\"w-iconbox-title\" style=\"font-size:22px;\">Email<\/h3><div class=\"w-iconbox-text\"><p>kontakt@ekspertzdrowia.com<\/p>\n<\/div><\/div><\/div><\/div><\/div><\/div><div class=\"wpb_column vc_column_container\"><div class=\"vc_column-inner\"><form class=\"w-form  layout_ver for_cform us_form_1\" autocomplete=\"off\" action=\"https:\/\/ekspertzdrowia.com\/en\/en\/wp-json\/wp\/v2\/pages\/354\" method=\"post\" style=\"--fields-gap:2rem\" data-trp-original-action=\"https:\/\/ekspertzdrowia.com\/en\/en\/wp-json\/wp\/v2\/pages\/354\"><div class=\"w-form-h\"><div class=\"w-form-row for_text has_label required\">\r\n\t\t\t<div class=\"w-form-row-label\">\r\n\t\t\t<span>Your Name *<\/span>\r\n\t\t<\/div>\r\n\t\t<div class=\"w-form-row-field\">\r\n\t\t\t\t\t\t<input aria-label=\"Your Name\" type=\"text\" name=\"us_form_1_text_1\" value placeholder data-required=\"true\" aria-required=\"true\"\/>\r\n\t\t\t<\/div>\r\n\t\t<div class=\"w-form-row-state\">Fill out this field<\/div>\r\n<\/div>\r\n<div class=\"w-form-row for_email has_label required\">\r\n\t\t\t<div class=\"w-form-row-label\">\r\n\t\t\t<span>Email Address *<\/span>\r\n\t\t<\/div>\r\n\t\t<div class=\"w-form-row-field\">\r\n\t\t\t\t\t\t<input aria-label=\"Adres e-mail\" type=\"email\" name=\"us_form_1_email_1\" value placeholder data-required=\"true\" aria-required=\"true\"\/>\r\n\t\t\t<\/div>\r\n\t\t<div class=\"w-form-row-state\">Please enter a valid email address.<\/div>\r\n<\/div>\r\n<div class=\"w-form-row for_select has_label\">\r\n\t\t\t<div class=\"w-form-row-label\">\r\n\t\t\t<span>How Can I Help You?<\/span>\r\n\t\t<\/div>\r\n\t\t<div class=\"w-form-row-field\">\r\n\t\t\t\t\t\t<select aria-label=\"How Can I Help You?\" name=\"us_form_1_select_1\">\r\n\t\t\t<option value=\"\"><\/option><option value=\"Dob\u00f3r lek\u00f3w\">Medication Selection<\/option><option value=\"S\u0142u\u017cba zdrowia dla obcokrajowc\u00f3w\">Healthcare Services for Foreigners<\/option><option value=\"T\u0142umaczenie wizyty\">Medical Visit Translation<\/option><option value=\"Inne\">Other<\/option>\t\t<\/select>\r\n\t\t\t<\/div>\r\n\t\t<div class=\"w-form-row-state\">Select an option<\/div>\r\n<\/div>\r\n<div class=\"w-form-row for_textarea has_label required\">\r\n\t\t\t<div class=\"w-form-row-label\">\r\n\t\t\t<span>Message Content<\/span>\r\n\t\t<\/div>\r\n\t\t<div class=\"w-form-row-field\">\r\n\t\t\t\t\t\t<textarea aria-label=\"Tre\u015b\u0107 wiadomo\u015bci\" name=\"us_form_1_textarea_1\" placeholder data-required=\"true\" aria-required=\"true\"><\/textarea>\r\n\t\t\t<\/div>\r\n\t\t<div class=\"w-form-row-state\">Fill out this field<\/div>\r\n<\/div>\r\n<input type=\"hidden\" name=\"action\" value=\"us_ajax_cform\" \/>\r\n<input type=\"hidden\" name=\"post_id\" value=\"0\" \/>\r\n<input type=\"hidden\" name=\"form_index\" value=\"1\" \/>\r\n<div class=\"w-form-row for_submit align_none\">\r\n\t<button class=\"w-btn  us-btn-style_1\" aria-label=\"Submit\" type=\"submit\">\r\n\t\t<span class=\"g-preloader type_1\"><\/span>\r\n\t\t\t\t<span class=\"w-btn-label\">Submit<\/span>\r\n\t\t\t<\/button>\r\n\t<\/div>\r\n<\/div><div class=\"w-form-message\"><\/div><div class=\"w-form-json hidden\" onclick='return {&quot;ajaxurl&quot;:&quot;https:\\\/\\\/ekspertzdrowia.com\\\/wp-admin\\\/admin-ajax.php&quot;,&quot;messages&quot;:{&quot;err_empty&quot;:&quot;Fill out this field&quot;,&quot;err_size&quot;:&quot;File size cannot exceed %s MB&quot;,&quot;err_extension&quot;:&quot;%s file type is not allowed&quot;}}'><\/div><input type=\"hidden\" name=\"trp-form-language\" value=\"en\"\/><\/form><\/div><\/div><\/div><\/div><\/div><\/div><\/div><\/section>","protected":false},"excerpt":{"rendered":"","protected":false},"author":1,"featured_media":0,"parent":0,"menu_order":0,"comment_status":"closed","ping_status":"closed","template":"","meta":{"footnotes":""},"class_list":["post-354","page","type-page","status-publish","hentry"],"_links":{"self":[{"href":"https:\/\/ekspertzdrowia.com\/en\/wp-json\/wp\/v2\/pages\/354","targetHints":{"allow":["GET"]}}],"collection":[{"href":"https:\/\/ekspertzdrowia.com\/en\/wp-json\/wp\/v2\/pages"}],"about":[{"href":"https:\/\/ekspertzdrowia.com\/en\/wp-json\/wp\/v2\/types\/page"}],"author":[{"embeddable":true,"href":"https:\/\/ekspertzdrowia.com\/en\/wp-json\/wp\/v2\/users\/1"}],"replies":[{"embeddable":true,"href":"https:\/\/ekspertzdrowia.com\/en\/wp-json\/wp\/v2\/comments?post=354"}],"version-history":[{"count":177,"href":"https:\/\/ekspertzdrowia.com\/en\/wp-json\/wp\/v2\/pages\/354\/revisions"}],"predecessor-version":[{"id":1555,"href":"https:\/\/ekspertzdrowia.com\/en\/wp-json\/wp\/v2\/pages\/354\/revisions\/1555"}],"wp:attachment":[{"href":"https:\/\/ekspertzdrowia.com\/en\/wp-json\/wp\/v2\/media?parent=354"}],"curies":[{"name":"wp","href":"https:\/\/api.w.org\/{rel}","templated":true}]}}