{"id":1050,"date":"2024-07-26T10:54:41","date_gmt":"2024-07-26T10:54:41","guid":{"rendered":"https:\/\/ekspertzdrowia.com\/?page_id=1050"},"modified":"2024-08-29T17:30:29","modified_gmt":"2024-08-29T17:30:29","slug":"blog","status":"publish","type":"page","link":"https:\/\/ekspertzdrowia.com\/en\/blog\/","title":{"rendered":"Blog"},"content":{"rendered":"<section class=\"l-section wpb_row height_medium\"><div class=\"l-section-h i-cf\"><div class=\"g-cols vc_row via_grid cols_1 laptops-cols_inherit tablets-cols_inherit mobiles-cols_1 valign_top type_default stacking_default\"><div class=\"wpb_column vc_column_container\"><div class=\"vc_column-inner\"><h2 class=\"w-text us_custom_1f257949\"><span class=\"w-text-h\"><span class=\"w-text-value\">Blog <span class=\"subheadline\">Porady zdrowotne, opieka farmaceutyczna, fitoterapia<\/span><\/span><\/span><\/h2><div class=\"w-separator size_small\"><\/div><div class=\"w-grid us_custom_1f257949 type_grid layout_1052 cols_2 pagination_regular\" id=\"us_grid_1\" style=\"--gap:2.4rem;\" data-filterable=\"true\"><style>@media (max-width:799px){#us_grid_1 .w-grid-list{margin:0}#us_grid_1 .w-grid-item{width:100%;padding:0;margin-bottom:var(--gap,0px)}}.layout_1052 .w-grid-item-h{}.layout_1052 .usg_post_image_1{margin-bottom:1rem!important}.layout_1052 .usg_post_title_1{text-align:left!important;font-size:1.6rem!important;line-height:1.5!important;font-family:var(--font-family)!important;font-weight:700!important;margin-top:1.5rem!important;margin-bottom:1rem!important}.layout_1052 .usg_hwrapper_1{color:var(--color-content-faded)!important;font-size:0.9rem!important}.layout_1052 .usg_post_content_1{margin-top:0.5rem!important}.layout_1052 .usg_hwrapper_2{color:var(--color-content-faded)!important;font-size:0.9rem!important;margin-top:1.6rem!important}<\/style><div class=\"w-grid-list\">\t<article class=\"w-grid-item size_1x1 post-1401 post type-post status-publish format-standard has-post-thumbnail hentry category-uncategorized\" data-id=\"1401\">\r\n\t\t<div class=\"w-grid-item-h\">\r\n\t\t\t\t\t\t<div class=\"w-post-elm post_image usg_post_image_1 has_ratio\"><img decoding=\"async\" width=\"1024\" height=\"809\" src=\"https:\/\/ekspertzdrowia.com\/wp-content\/uploads\/2024\/08\/IMG_20240816_084806-1024x809.jpg\" class=\"attachment-large size-large wp-post-image\" alt=\"Stos ksi\u0105\u017cek medycznych, w tym podr\u0119cznik\u00f3w z farmakologii i opieki farmaceutycznej, ilustruj\u0105cy zaawansowan\u0105 wiedz\u0119 potrzebn\u0105 do zapewnienia profesjonalnej opieki farmaceutycznej.\" srcset=\"https:\/\/ekspertzdrowia.com\/wp-content\/uploads\/2024\/08\/IMG_20240816_084806-1024x809.jpg 1024w, https:\/\/ekspertzdrowia.com\/wp-content\/uploads\/2024\/08\/IMG_20240816_084806-scaled-600x474.jpg 600w, https:\/\/ekspertzdrowia.com\/wp-content\/uploads\/2024\/08\/IMG_20240816_084806-300x237.jpg 300w, https:\/\/ekspertzdrowia.com\/wp-content\/uploads\/2024\/08\/IMG_20240816_084806-15x12.jpg 15w\" sizes=\"(max-width: 1024px) 100vw, 1024px\" \/><div style=\"padding-bottom:56.25%\"><\/div><\/div><h2 class=\"w-post-elm post_title usg_post_title_1 entry-title color_link_inherit\">Czy opieka farmaceutyczna jest w og\u00f3le potrzebna?<\/h2><div class=\"w-hwrapper usg_hwrapper_1 has_text_color align_left valign_top wrap\"><time class=\"w-post-elm post_date usg_post_date_1 entry-date published\" datetime=\"2024-08-16T11:35:44+00:00\">August 16, 2024<\/time><\/div><div class=\"w-post-elm post_content usg_post_content_1\">To pytanie s\u0142ysza\u0142am wielokrotnie, bo je\u015bli czego\u015b nie ma, to mo\u017ce nie jest potrzebne. Ale prawda jest taka, \u017ce w wielu krajach opieka farmaceutyczna jest na porz\u0105dku dziennym i farmaceuci&hellip;<\/div><div class=\"w-hwrapper usg_hwrapper_2 has_text_color align_left valign_top wrap\"><a class=\"w-btn us-btn-style_6 usg_btn_1\" href=\"https:\/\/ekspertzdrowia.com\/en\/czy-opieka-farmaceutyczna-potrzebna\/\"><span class=\"w-btn-label\">Czytaj wi\u0119cej<\/span><\/a><\/div>\t\t<\/div>\r\n\t\t\t<\/article>\r\n\t<article class=\"w-grid-item size_1x1 post-1390 post type-post status-publish format-standard has-post-thumbnail hentry category-uncategorized\" data-id=\"1390\">\r\n\t\t<div class=\"w-grid-item-h\">\r\n\t\t\t\t\t\t<div class=\"w-post-elm post_image usg_post_image_1 has_ratio\"><img decoding=\"async\" width=\"1024\" height=\"768\" src=\"https:\/\/ekspertzdrowia.com\/wp-content\/uploads\/2024\/08\/IMG_20240816_083247-1024x768.jpg\" class=\"attachment-large size-large wp-post-image\" alt=\"\u017b\u00f3\u0142te kwiaty rudbekii, cz\u0119sto wykorzystywane w fitoterapii ze wzgl\u0119du na swoje w\u0142a\u015bciwo\u015bci zdrowotne, w pe\u0142nym rozkwicie.\" srcset=\"https:\/\/ekspertzdrowia.com\/wp-content\/uploads\/2024\/08\/IMG_20240816_083247-1024x768.jpg 1024w, https:\/\/ekspertzdrowia.com\/wp-content\/uploads\/2024\/08\/IMG_20240816_083247-scaled-600x450.jpg 600w, https:\/\/ekspertzdrowia.com\/wp-content\/uploads\/2024\/08\/IMG_20240816_083247-300x225.jpg 300w, https:\/\/ekspertzdrowia.com\/wp-content\/uploads\/2024\/08\/IMG_20240816_083247-16x12.jpg 16w\" sizes=\"(max-width: 1024px) 100vw, 1024px\" \/><div style=\"padding-bottom:56.25%\"><\/div><\/div><h2 class=\"w-post-elm post_title usg_post_title_1 entry-title color_link_inherit\">Wirusy w natarciu kontra fitoterapia<\/h2><div class=\"w-hwrapper usg_hwrapper_1 has_text_color align_left valign_top wrap\"><time class=\"w-post-elm post_date usg_post_date_1 entry-date published\" datetime=\"2024-08-16T11:21:07+00:00\">August 16, 2024<\/time><\/div><div class=\"w-post-elm post_content usg_post_content_1\">Zio\u0142olecznictwo, zwane r\u00f3wnie\u017c fitoterapi\u0105, to praktyka stosowania ro\u015blin i ich ekstrakt\u00f3w w leczeniu chor\u00f3b. W ostatnich latach zyska\u0142o ono na popularno\u015bci jako alternatywna lub komplementarna metoda leczenia wielu schorze\u0144, w&hellip;<\/div><div class=\"w-hwrapper usg_hwrapper_2 has_text_color align_left valign_top wrap\"><a class=\"w-btn us-btn-style_6 usg_btn_1\" href=\"https:\/\/ekspertzdrowia.com\/en\/wirusy-w-natarciu-kontra-fitoterapia\/\"><span class=\"w-btn-label\">Czytaj wi\u0119cej<\/span><\/a><\/div>\t\t<\/div>\r\n\t\t\t<\/article>\r\n<\/div><div class=\"w-grid-preloader\">\t<div class=\"g-preloader type_1\">\r\n\t\t<div><\/div>\r\n\t<\/div>\r\n\t<\/div>\t<div class=\"w-grid-json hidden\" onclick='return {&quot;action&quot;:&quot;us_ajax_grid&quot;,&quot;infinite_scroll&quot;:0,&quot;max_num_pages&quot;:1,&quot;pagination&quot;:&quot;regular&quot;,&quot;template_vars&quot;:{&quot;columns&quot;:&quot;2&quot;,&quot;exclude_items&quot;:&quot;none&quot;,&quot;img_size&quot;:&quot;default&quot;,&quot;ignore_items_size&quot;:0,&quot;items_layout&quot;:&quot;1052&quot;,&quot;items_offset&quot;:&quot;1&quot;,&quot;load_animation&quot;:&quot;none&quot;,&quot;overriding_link&quot;:&quot;%7B%22url%22%3A%22%22%7D&quot;,&quot;post_id&quot;:0,&quot;query_args&quot;:{&quot;post_type&quot;:[&quot;post&quot;],&quot;post_status&quot;:[&quot;publish&quot;],&quot;posts_per_page&quot;:&quot;4&quot;},&quot;orderby_query_args&quot;:{&quot;orderby&quot;:{&quot;date&quot;:&quot;DESC&quot;}},&quot;type&quot;:&quot;grid&quot;,&quot;us_grid_post_type&quot;:&quot;post&quot;,&quot;us_grid_ajax_index&quot;:1,&quot;us_grid_filter_query_string&quot;:null,&quot;us_grid_index&quot;:1,&quot;page_args&quot;:[]}}'><\/div>\r\n\t<\/div><\/div><\/div><\/div><\/div><\/section><section class=\"l-section wpb_row height_medium\"><div class=\"l-section-h i-cf\"><div class=\"g-cols vc_row via_grid cols_1-2 laptops-cols_inherit tablets-cols_inherit mobiles-cols_1 valign_top type_default stacking_default\"><div class=\"wpb_column vc_column_container\"><div class=\"vc_column-inner\"><div class=\"w-image us_custom_a799bc31 has_ratio align_none\"><div class=\"w-image-h\"><div style=\"padding-bottom:100%\"><\/div><img decoding=\"async\" width=\"770\" height=\"1024\" src=\"https:\/\/ekspertzdrowia.com\/wp-content\/uploads\/2024\/07\/IMG_20230302_111524-770x1024.jpg\" class=\"attachment-large size-large\" alt=\"Marta Karpowicz, ekspert zdrowia, opieki farmaceutycznej i fitoterapii. Ma blond w\u0142osy, okulary, granatowy sweter, zielony szal, patrzy prosto w kamer\u0119.\" loading=\"lazy\" srcset=\"https:\/\/ekspertzdrowia.com\/wp-content\/uploads\/2024\/07\/IMG_20230302_111524-770x1024.jpg 770w, https:\/\/ekspertzdrowia.com\/wp-content\/uploads\/2024\/07\/IMG_20230302_111524-scaled-600x798.jpg 600w, https:\/\/ekspertzdrowia.com\/wp-content\/uploads\/2024\/07\/IMG_20230302_111524-226x300.jpg 226w, https:\/\/ekspertzdrowia.com\/wp-content\/uploads\/2024\/07\/IMG_20230302_111524-scaled.jpg 1924w\" sizes=\"auto, (max-width: 770px) 100vw, 770px\" \/><\/div><\/div><\/div><\/div><div class=\"wpb_column vc_column_container\"><div class=\"vc_column-inner\"><h2 class=\"w-text\"><span class=\"w-text-h\"><span class=\"w-text-value\">O autorce<\/span><\/span><\/h2><div class=\"wpb_text_column\"><div class=\"wpb_wrapper\"><div>Cze\u015b\u0107, nazywam si\u0119 Maria Karpowicz.<\/div>\n<div>\u00a0<\/div>\n<div>Moim celem jest wspieranie w skutecznym wracaniu do zdrowia wszystkich, kt\u00f3rzy tego potrzebuj\u0105, w szczeg\u00f3lno\u015bci senior\u00f3w, os\u00f3b przewlekle chorych oraz obcokrajowc\u00f3w mieszkaj\u0105cych w Polsce, kt\u00f3rzy maj\u0105 trudno\u015bci z dost\u0119pem do w\u0142a\u015bciwych us\u0142ug medycznych.\u00a0<\/div>\n<div>\u00a0<\/div>\n<div>Pomagam zrozumie\u0107 leczenie oraz zach\u0119cam do profilaktyki, wspieraj\u0105c w zapobieganiu chor\u00f3b w spos\u00f3b holistyczny i bezpieczny.<\/div>\n<div>\u00a0<\/div>\n<div><a href=\"https:\/\/ekspertzdrowia.com\/\">Wi\u0119cej o mnie przeczytasz na stronie g\u0142\u00f3wnej.<\/a><\/div>\n<\/div><\/div><div class=\"w-separator size_small\"><\/div><div class=\"w-socials us_custom_1f257949 color_link shape_square style_colored hover_none\" style=\"--gap:0.5em;\"><div class=\"w-socials-list\"><div class=\"w-socials-item facebook\"><a target=\"_blank\" href=\"https:\/\/www.facebook.com\/share\/jEhPHX35VKXKVHz5\/\" class=\"w-socials-item-link\" title=\"Facebook\" aria-label=\"Facebook\" rel=\"noopener\"><span class=\"w-socials-item-link-hover\"><\/span><i class=\"fab fa-facebook\"><\/i><\/a><\/div><div class=\"w-socials-item instagram\"><a target=\"_blank\" href=\"https:\/\/www.instagram.com\/_ekspert_zdrowia\/\" class=\"w-socials-item-link\" title=\"Instagram\" aria-label=\"Instagram\" rel=\"noopener\"><span class=\"w-socials-item-link-hover\"><\/span><i class=\"fab fa-instagram\"><\/i><\/a><\/div><\/div><\/div><\/div><\/div><\/div><\/div><\/section>\n","protected":false},"excerpt":{"rendered":"","protected":false},"author":1,"featured_media":0,"parent":0,"menu_order":0,"comment_status":"closed","ping_status":"closed","template":"","meta":{"footnotes":""},"class_list":["post-1050","page","type-page","status-publish","hentry"],"_links":{"self":[{"href":"https:\/\/ekspertzdrowia.com\/en\/wp-json\/wp\/v2\/pages\/1050","targetHints":{"allow":["GET"]}}],"collection":[{"href":"https:\/\/ekspertzdrowia.com\/en\/wp-json\/wp\/v2\/pages"}],"about":[{"href":"https:\/\/ekspertzdrowia.com\/en\/wp-json\/wp\/v2\/types\/page"}],"author":[{"embeddable":true,"href":"https:\/\/ekspertzdrowia.com\/en\/wp-json\/wp\/v2\/users\/1"}],"replies":[{"embeddable":true,"href":"https:\/\/ekspertzdrowia.com\/en\/wp-json\/wp\/v2\/comments?post=1050"}],"version-history":[{"count":49,"href":"https:\/\/ekspertzdrowia.com\/en\/wp-json\/wp\/v2\/pages\/1050\/revisions"}],"predecessor-version":[{"id":1542,"href":"https:\/\/ekspertzdrowia.com\/en\/wp-json\/wp\/v2\/pages\/1050\/revisions\/1542"}],"wp:attachment":[{"href":"https:\/\/ekspertzdrowia.com\/en\/wp-json\/wp\/v2\/media?parent=1050"}],"curies":[{"name":"wp","href":"https:\/\/api.w.org\/{rel}","templated":true}]}}