{"id":1012,"date":"2024-07-23T19:22:03","date_gmt":"2024-07-23T19:22:03","guid":{"rendered":"https:\/\/ekspertzdrowia.com\/?page_id=1012"},"modified":"2024-08-16T18:21:49","modified_gmt":"2024-08-16T18:21:49","slug":"regulamin","status":"publish","type":"page","link":"https:\/\/ekspertzdrowia.com\/en\/regulamin\/","title":{"rendered":"Terms and Conditions"},"content":{"rendered":"<section class=\"l-section wpb_row height_large\"><div class=\"l-section-h i-cf\"><div class=\"g-cols vc_row via_grid cols_1 laptops-cols_inherit tablets-cols_inherit mobiles-cols_1 valign_top type_default stacking_default\"><div class=\"wpb_column vc_column_container\"><div class=\"vc_column-inner\"><h1 class=\"w-text\"><span class=\"w-text-h\"><span class=\"w-text-value\">Terms and Conditions<\/span><\/span><\/h1><div class=\"wpb_text_column\"><div class=\"wpb_wrapper\"><h2><span style=\"font-weight: 400;\">\u00a71 Definitions<\/span><\/h2>\n<p><span style=\"font-weight: 400;\">For the purposes of these terms and conditions, the following terms are defined\nas:<\/span><\/p>\n<ol>\n<li style=\"font-weight: 400;\" aria-level=\"1\"><span style=\"font-weight: 400;\">Customer - A person with full legal capacity who has entered into or intends to\nenter into an Agreement with the Seller, not directly related to their business or\nprofessional activities, or a natural person who is at least 13 years old. If the\nperson is under 18 years old, consent from their legal representative is required.\nThis also includes legal persons and organizational units not being legal\npersons, which are granted legal capacity by specific provisions.<\/span><\/li>\n<li style=\"font-weight: 400;\" aria-level=\"1\"><span style=\"font-weight: 400;\">Store - The online store and service available at <\/span><a href=\"https:\/\/ekspertzdrowia.com\/en\/\"><span style=\"font-weight: 400;\">https:\/\/ekspertzdrowia.com\/<\/span><\/a><span style=\"font-weight: 400;\">, through which the Customer can purchase products and services available in the\nStore.<\/span><\/li>\n<li style=\"font-weight: 400;\" aria-level=\"1\"><span style=\"font-weight: 400;\">Seller -<\/span> <span style=\"font-weight: 400;\">mgr farm. Maria Karpowicz Ekspert Zdrowia, ul. Asfaltowa 5 m 2 02-527 Warszawa 02-527, NIP 5213400111<\/span><\/li>\n<li style=\"font-weight: 400;\" aria-level=\"1\"><span style=\"font-weight: 400;\">Product - All products and services available in the store, subject to the price indicated during their presentation in the Store.<\/span><\/li>\n<li style=\"font-weight: 400;\" aria-level=\"1\"><span style=\"font-weight: 400;\">Regulations - These regulations.<\/span><\/li>\n<li style=\"font-weight: 400;\" aria-level=\"1\"><span style=\"font-weight: 400;\">Order Form - The space in the Service that initiates the order processing process. Placing an order is not equivalent to concluding an Agreement.<\/span><\/li>\n<li style=\"font-weight: 400;\" aria-level=\"1\"><span style=\"font-weight: 400;\">Agreement - The order for a Service placed by the Customer by completing the Order Form along with accepting these Regulations and paying in full for the Product using the payment methods available in the Service.<\/span><\/li>\n<\/ol>\n<h2><span style=\"font-weight: 400;\">\u00a72 Preliminary Provisions<\/span><\/h2>\n<ol>\n<li style=\"font-weight: 400;\" aria-level=\"1\"><span style=\"font-weight: 400;\">Through the Store, the Seller conducts retail sales and provides electronic services to the Customer. Through the Store, the Customer can purchase products displayed on the Store's pages.<\/span><\/li>\n<li style=\"font-weight: 400;\" aria-level=\"1\"><span style=\"font-weight: 400;\">The Regulations define the rules and conditions for using the Store, as well as the rights and obligations of the Seller and the Customer.<\/span><\/li>\n<li style=\"font-weight: 400;\" aria-level=\"1\"><span style=\"font-weight: 400;\">Using the Store, including making purchases, does not require the Customer's computer or other device to meet any special technical conditions.<\/span><span style=\"font-weight: 400;\"><br \/><\/span><span style=\"font-weight: 400;\">It is sufficient to have a device with a standard operating system, internet access, and a standard web browser (latest version or two versions back); an active email account; cookies enabled; and JavaScript enabled.<\/span><\/li>\n<li style=\"font-weight: 400;\" aria-level=\"1\"><span style=\"font-weight: 400;\">The Seller is not responsible for difficulties in using the service resulting from incorrect software or hardware configuration by the Customer, or from problems with the Customer's hardware or internet connection.<\/span><\/li>\n<li style=\"font-weight: 400;\" aria-level=\"1\"><span style=\"font-weight: 400;\">It is prohibited to provide illegal content when using the Store, especially through forms available in the Store.<\/span><\/li>\n<li style=\"font-weight: 400;\" aria-level=\"1\"><span style=\"font-weight: 400;\">All product prices listed on the Store's pages are gross prices.<\/span><\/li>\n<\/ol>\n<h2><span style=\"font-weight: 400;\">\u00a73 Services Provided Electronically<\/span><\/h2>\n<ol>\n<li style=\"font-weight: 400;\" aria-level=\"1\"><span style=\"font-weight: 400;\">Through the Store, the Seller provides electronic services to the Customer.<\/span><\/li>\n<li style=\"font-weight: 400;\" aria-level=\"1\"><span style=\"font-weight: 400;\">The main electronic service provided to the Customer by the Seller is the ability to place an order in the Store. Placing an order is done by completing and submitting the order form through the Store's automated mechanism.<\/span><\/li>\n<li style=\"font-weight: 400;\" aria-level=\"1\"><span style=\"font-weight: 400;\">Placing an order is done without creating an Account in the Store.<\/span><\/li>\n<li style=\"font-weight: 400;\" aria-level=\"1\"><span style=\"font-weight: 400;\">Services provided electronically to the Customer are free of charge. However, sales Agreements concluded through the Service are chargeable.<\/span><\/li>\n<\/ol>\n<h2><span style=\"font-weight: 400;\">\u00a74 Placing an Order<\/span><\/h2>\n<p><span style=\"font-weight: 400;\">To place an order, the Customer must take the following steps:<\/span><\/p>\n<ol>\n<li style=\"font-weight: 400;\" aria-level=\"1\"><span style=\"font-weight: 400;\">Select the product(s) to be ordered by clicking the \"Add to cart\" button.<\/span><\/li>\n<li style=\"font-weight: 400;\" aria-level=\"1\"><span style=\"font-weight: 400;\">Proceed to the cart view.<\/span><\/li>\n<li style=\"font-weight: 400;\" aria-level=\"1\"><span style=\"font-weight: 400;\">Complete the order form, providing the necessary information for order fulfillment.<\/span><\/li>\n<li style=\"font-weight: 400;\" aria-level=\"1\"><span style=\"font-weight: 400;\">Read and accept the Regulations. The Customer accepts the Regulations only if they have read and agree with its provisions; acceptance of the Regulations is voluntary but necessary to place an order.<\/span><\/li>\n<li style=\"font-weight: 400;\" aria-level=\"1\"><span style=\"font-weight: 400;\">Click the \"Buy and pay\" button.<\/span><\/li>\n<li style=\"font-weight: 400;\" aria-level=\"1\"><span style=\"font-weight: 400;\">After clicking the \"Buy and pay\" button, the Customer will be redirected to the Przelewy24.pl transaction page to make the payment. After making the payment, the Customer will be redirected back to the Store's confirmation page. At this point, the sales agreement for the products covered by the order is considered concluded between the Customer and the Seller.<\/span><\/li>\n<li style=\"font-weight: 400;\" aria-level=\"1\"><span style=\"font-weight: 400;\">After clicking the finalizing order button, the Customer will be redirected to the payment gateway according to their chosen payment method. The Sales Agreement will be concluded at the moment the Store's system confirms the successful payment.<\/span><\/li>\n<li style=\"font-weight: 400;\" aria-level=\"1\"><span style=\"font-weight: 400;\">Payment confirmation will be sent to the Customer's email address provided in the order form.<\/span><\/li>\n<li style=\"font-weight: 400;\" aria-level=\"1\"><span style=\"font-weight: 400;\">The Customer declares that all data provided in the order form is true. The Seller is not obligated to verify their accuracy but has the right to do so.<\/span><\/li>\n<li style=\"font-weight: 400;\" aria-level=\"1\"><span style=\"font-weight: 400;\">To ensure the security of the Customer and data transmission when using the Store, the Seller takes technical and organizational measures appropriate to the level of threat to the security of services provided, especially measures to prevent unauthorized access and modification of personal data.<\/span><\/li>\n<li style=\"font-weight: 400;\" aria-level=\"1\"><span style=\"font-weight: 400;\">The Seller takes actions to ensure the correct functioning of the Store.<\/span><\/li>\n<li style=\"font-weight: 400;\" aria-level=\"1\"><span style=\"font-weight: 400;\">Any complaints related to the functioning of the Store can be reported by the Customer via email to <\/span><a href=\"mailto:kontakt@ekspertzdrowia.com\"><span style=\"font-weight: 400;\">kontakt@ekspertzdrowia.com<\/span><\/a><span style=\"font-weight: 400;\"> . The complaint should include the Customer's name, correspondence address, type, and date of the malfunction. The Seller will review all complaints within 14 days of receipt and inform the Customer of its resolution via the email address used for the complaint. The response will be sent to the contact provided during the order.<\/span><\/li>\n<li style=\"font-weight: 400;\" aria-level=\"1\"><span style=\"font-weight: 400;\">The Seller reserves the right to extend the period specified in point 12 by no more than 10 days if the complaint requires unusual, special actions and arrangements, or encounters obstacles beyond the Seller's control (hardware, internet network failures, etc.).<\/span><\/li>\n<\/ol>\n<h2><span style=\"font-weight: 400;\">\u00a75 Payment Methods<\/span><\/h2>\n<ol>\n<li style=\"font-weight: 400;\" aria-level=\"1\"><span style=\"font-weight: 400;\">The only available payment method in the Store is online payment via Przelewy24.pl. The payment card operator is PayPro SA, Agent Rozliczeniowy, ul. Kanclerska 15, 60-327 Pozna\u0144, registered in the Register of Entrepreneurs of the National Court Register maintained by the District Court Pozna\u0144 Nowe Miasto and Wilda in Pozna\u0144, VIII Commercial Division of the National Court Register under number KRS 0000347935, NIP 7792369887, REGON 301345068.<\/span><\/li>\n<li style=\"font-weight: 400;\" aria-level=\"1\"><span style=\"font-weight: 400;\">Detailed rules for using the payment methods provided by Przelewy24.pl are specified in the corresponding regulations provided by this supplier. Using these payment methods implies acceptance of the provisions of these regulations. The Seller is not responsible for the payment process conducted by Przelewy24.pl.<\/span><\/li>\n<\/ol>\n<h2><span style=\"font-weight: 400;\">\u00a76 Personal Data and Cookies<\/span><\/h2>\n<ol>\n<li style=\"font-weight: 400;\" aria-level=\"1\"><span style=\"font-weight: 400;\">The principles of personal data processing and the use of cookies are described in the privacy and cookies policy.<\/span><\/li>\n<\/ol>\n<h2><span style=\"font-weight: 400;\">\u00a77 Final Provisions<\/span><\/h2>\n<ol>\n<li style=\"font-weight: 400;\" aria-level=\"1\"><span style=\"font-weight: 400;\">The Seller reserves the right to introduce and cancel offers, promotions, and to change product prices in the Store without prejudice to the rights acquired by the Customer, especially the conditions of agreements concluded before the change.<\/span><\/li>\n<li style=\"font-weight: 400;\" aria-level=\"1\"><span style=\"font-weight: 400;\">The Seller reserves the right to change the Regulations. Agreements concluded before the change in the Regulations are governed by the Regulations in effect on the date of the agreement.<\/span><\/li>\n<li style=\"font-weight: 400;\" aria-level=\"1\"><span style=\"font-weight: 400;\">These Regulations are effective from 20.07.2024.<\/span><\/li>\n<\/ol>\n<h2><span style=\"font-weight: 400;\">Consultation Regulations<\/span><\/h2>\n<h3><span style=\"font-weight: 400;\">I General Provisions<\/span><\/h3>\n<ol>\n<li style=\"font-weight: 400;\" aria-level=\"1\"><span style=\"font-weight: 400;\">These regulations specify the terms and conditions for using the services offered on the website www.ekspertzdrowia.com. <\/span><a href=\"https:\/\/ekspertzdrowia.com\/en\/\"><span style=\"font-weight: 400;\">www.ekspertzdrowia.com<\/span><\/a><\/li>\n<li style=\"font-weight: 400;\" aria-level=\"1\"><span style=\"font-weight: 400;\">The service provider is mgr farm. Maria Karpowicz Ekspert Zdrowia, ul. Asfaltowa 5 m 2 02-527 Warszawa 02-527, NIP 5213400111<\/span><\/li>\n<li style=\"font-weight: 400;\" aria-level=\"1\"><span style=\"font-weight: 400;\">The service recipient (hereinafter referred to as the Patient) is a user who has registered an account in the System.<\/span><\/li>\n<li style=\"font-weight: 400;\" aria-level=\"1\"><span style=\"font-weight: 400;\">The Patient is identified in the System using their provided email address. The Patient may, but is not required to, provide additional identifying information.<\/span><\/li>\n<li style=\"font-weight: 400;\" aria-level=\"1\"><span style=\"font-weight: 400;\">The service provider offers a pharmaceutical consultation service (hereinafter referred to as the Consultation) and other pharmaceutical services (conducted by a master pharmacist and a phytotherapist) regarding the safety of medication use. The detailed scope of services is defined in Chapter II.<\/span><\/li>\n<li style=\"font-weight: 400;\" aria-level=\"1\"><span style=\"font-weight: 400;\">Within a registered System account, the Patient can schedule multiple Consultations, each new Consultation being a separate service.<\/span><\/li>\n<\/ol>\n<h3><span style=\"font-weight: 400;\">II Scope of Services<\/span><\/h3>\n<ol>\n<li style=\"font-weight: 400;\" aria-level=\"1\"><span style=\"font-weight: 400;\">A Consultation involves providing the Patient with information about the safety of using one or more medications, their interactions, side effects, and correct usage after collecting a medical history and obtaining necessary health information from the Patient.<\/span><\/li>\n<li style=\"font-weight: 400;\" aria-level=\"1\"><span style=\"font-weight: 400;\">Other pharmaceutical services (as described in the Act on the Profession of Pharmacist of December 10, 2020, Art. 4) may also be provided during the Consultation:<\/span>\n<ol>\n<li style=\"font-weight: 400;\" aria-level=\"2\"><span style=\"font-weight: 400;\">Conducting a pharmaceutical interview,<\/span><\/li>\n<li style=\"font-weight: 400;\" aria-level=\"2\"><span style=\"font-weight: 400;\">Providing pharmaceutical advice to ensure the correct use of a medicinal product, medical device, or special dietary food,<\/span><\/li>\n<li style=\"font-weight: 400;\" aria-level=\"2\"><span style=\"font-weight: 400;\">Conducting medication reviews along with evaluating pharmacotherapy to identify and resolve medication-related issues and ensure safety in the pharmacotherapy process,<\/span> <span style=\"font-weight: 400;\">procesie farmakoterapii,<\/span><\/li>\n<li style=\"font-weight: 400;\" aria-level=\"2\"><span style=\"font-weight: 400;\">Developing an individual care plan considering the Patient's medication-related problems to set achievable therapeutic goals and ways to resolve identified issues, emphasizing health education, health promotion, a healthy lifestyle, and health prevention,<\/span><\/li>\n<li style=\"font-weight: 400;\" aria-level=\"2\"><span style=\"font-weight: 400;\">Collecting data and reporting adverse effects to the appropriate authorities.<\/span><\/li>\n<\/ol>\n<\/li>\n<li style=\"font-weight: 400;\" aria-level=\"1\"><span style=\"font-weight: 400;\">The provided services constitute a documented process where the pharmacist, in collaboration with the Patient, oversees the proper course of pharmacotherapy.<\/span><\/li>\n<li style=\"font-weight: 400;\" aria-level=\"1\"><span style=\"font-weight: 400;\">Consultations are provided electronically, by phone, or in person.<\/span><\/li>\n<li style=\"font-weight: 400;\" aria-level=\"1\"><span style=\"font-weight: 400;\">Information provided by the pharmacist is based on the current state of medical knowledge, pharmacology, pharmacokinetics, and human physiology. However, due to the complexity and specificity of the human body and individual patient predispositions, unreported side effects may occur during the use of medications, dietary supplements, and special dietary foods.<\/span><\/li>\n<li style=\"font-weight: 400;\" aria-level=\"1\"><span style=\"font-weight: 400;\">The provided services do not replace consultations with a doctor and appropriate diagnostic tests. Before using any medication, consult a doctor to clarify all potential risks and benefits.<\/span><\/li>\n<\/ol>\n<h3><span style=\"font-weight: 400;\">III Consultation Process<\/span><\/h3>\n<ol>\n<li style=\"font-weight: 400;\" aria-level=\"1\"><span style=\"font-weight: 400;\">Scheduling a Consultation requires logging into the System with a previously registered and verified email account.<\/span><\/li>\n<li style=\"font-weight: 400;\" aria-level=\"1\"><span style=\"font-weight: 400;\">After logging into the System, the Patient can add new requests and view the history of all their Consultations. The list of all consultations is visible in the \"My Consultations\" tab.<\/span><\/li>\n<li style=\"font-weight: 400;\" aria-level=\"1\"><span style=\"font-weight: 400;\">During the Consultation, both the pharmacist and the Patient can add comments in the Consultation view. The Patient receives an email notification about the added comment.<\/span><\/li>\n<li style=\"font-weight: 400;\" aria-level=\"1\"><span style=\"font-weight: 400;\">In case of service cancellation, the Patient does not incur any costs from the provided estimate, and the Consultation is marked as \"Cancelled\".<\/span><\/li>\n<li style=\"font-weight: 400;\" aria-level=\"1\"><span style=\"font-weight: 400;\">Payment for the consultation is made via a link to a fast payment system. The Consultation service and other services provided by the Service Provider through the System are exempt from VAT under the Act of March 11, 2004, on goods and services tax, Chapter 2, Art. 43, pt. 19c (Dz.U.2023.1570).<\/span><\/li>\n<li style=\"font-weight: 400;\" aria-level=\"1\"><span style=\"font-weight: 400;\">The Service Provider reserves the right to reject a submitted Consultation. The Patient is informed via email, and the rejection justification is available in the Consultation view. In this case, the service agreement is not concluded.<\/span><\/li>\n<\/ol>\n<h3><span style=\"font-weight: 400;\">IV Technical Requirements<\/span><\/h3>\n<ol>\n<li style=\"font-weight: 400;\" aria-level=\"1\"><span style=\"font-weight: 400;\">To use the Consultation, a device (computer, phone, tablet, etc.) equipped with a web browser and internet access is required.<\/span><\/li>\n<li style=\"font-weight: 400;\" aria-level=\"1\"><span style=\"font-weight: 400;\">Registration in the System requires an email address, which is verified during the registration process.<\/span><\/li>\n<\/ol>\n<h3><span style=\"font-weight: 400;\">V Complaints<\/span><\/h3>\n<ol>\n<li style=\"font-weight: 400;\" aria-level=\"1\"><span style=\"font-weight: 400;\">To submit a complaint related to the Service, contact the Service Provider via email at <\/span><a href=\"mailto:kontakt@ekspertzdrowia.com\"><span style=\"font-weight: 400;\">kontakt@ekspertzdrowia.com<\/span><\/a><\/li>\n<li style=\"font-weight: 400;\" aria-level=\"1\"><span style=\"font-weight: 400;\">The complaint should include the User's email address, name, surname, correspondence address, and the content of the complaint specifying the date of the Service.<\/span><\/li>\n<li style=\"font-weight: 400;\" aria-level=\"1\"><span style=\"font-weight: 400;\">The submitted complaint will be reviewed promptly, within no more than 30 days from the date of receipt.<\/span><\/li>\n<li style=\"font-weight: 400;\" aria-level=\"1\"><span style=\"font-weight: 400;\">The response to the complaint will be sent to the correspondence address provided in the complaint submission.<\/span><\/li>\n<\/ol>\n<h3><span style=\"font-weight: 400;\">VI Withdrawal from the Agreement<\/span><\/h3>\n<ol>\n<li style=\"font-weight: 400;\" aria-level=\"1\"><span style=\"font-weight: 400;\">According to Article 27 of the Act of May 30, 2014, on consumer rights, a User who has concluded a remote agreement or outside the business premises has the right to withdraw from the agreement within 14 days without giving a reason and incurring costs, except for the costs specified in Art. 33, Art. 34 para. 2, Art. 35 of the Act.<\/span><\/li>\n<li style=\"font-weight: 400;\" aria-level=\"1\"><span style=\"font-weight: 400;\">To exercise the right of withdrawal, the User must inform the Service Provider of their decision before the service is performed, within 14 days of accepting the consultation cost.<\/span><\/li>\n<li style=\"font-weight: 400;\" aria-level=\"1\"><span style=\"font-weight: 400;\">After the service is performed according to the cost accepted by the User, the User is not entitled to withdraw from the agreement, in accordance with Art. 38 para. 1 of the Act of May 30, 2014, on consumer rights.<\/span><\/li>\n<\/ol>\n<h3><span style=\"font-weight: 400;\">VII Privacy and Personal Data<\/span><\/h3>\n<ol>\n<li style=\"font-weight: 400;\" aria-level=\"1\"><span style=\"font-weight: 400;\">The data controller is mgr farm. Maria Karpowicz Ekspert Zdrowia, ul. Asfaltowa 5 m 2 02-527 Warszawa 02-527, NIP 5213400111. At any time, the Patient has the right to access, correct, delete, or object to the processing of their data. For <\/span><span style=\"font-weight: 400;\">any matters related to personal data <\/span><span style=\"font-weight: 400;\">, contact via email at kontakt@ekspertzdrowia.com.<\/span><\/li>\n<li style=\"font-weight: 400;\" aria-level=\"1\"><span style=\"font-weight: 400;\">Personal data is processed based on the Patient's consent to fulfill the agreement between the parties.<\/span><\/li>\n<li style=\"font-weight: 400;\" aria-level=\"1\"><span style=\"font-weight: 400;\">To provide the service, the Patient provides their email address and may, but is not required to, provide their name and surname. Data is used to provide the service (Consultation), contact the Patient, and send educational materials according to the regulations.<\/span><\/li>\n<li style=\"font-weight: 400;\" aria-level=\"1\"><span style=\"font-weight: 400;\">To process payments via the fast payment operator, we transfer the Patient's email address to PayPro S.A. (Przelewy24.pl) for payment services.<\/span><\/li>\n<li style=\"font-weight: 400;\" aria-level=\"1\"><span style=\"font-weight: 400;\">In specific situations, providing health information regarding the Patient may be required. This data is confidential and used solely for the Consultation, not disclosed to third parties.<\/span><\/li>\n<li style=\"font-weight: 400;\" aria-level=\"1\"><span style=\"font-weight: 400;\">Data entrusted by the Patient is stored securely, preventing third-party access, including data transmission. The Patient is obliged not to disclose their access password to their account in the System.<\/span><\/li>\n<\/ol>\n<\/div><\/div><div class=\"w-separator size_medium\"><\/div><\/div><\/div><\/div><\/div><\/section>","protected":false},"excerpt":{"rendered":"","protected":false},"author":1,"featured_media":0,"parent":0,"menu_order":0,"comment_status":"closed","ping_status":"closed","template":"","meta":{"footnotes":""},"class_list":["post-1012","page","type-page","status-publish","hentry"],"_links":{"self":[{"href":"https:\/\/ekspertzdrowia.com\/en\/wp-json\/wp\/v2\/pages\/1012","targetHints":{"allow":["GET"]}}],"collection":[{"href":"https:\/\/ekspertzdrowia.com\/en\/wp-json\/wp\/v2\/pages"}],"about":[{"href":"https:\/\/ekspertzdrowia.com\/en\/wp-json\/wp\/v2\/types\/page"}],"author":[{"embeddable":true,"href":"https:\/\/ekspertzdrowia.com\/en\/wp-json\/wp\/v2\/users\/1"}],"replies":[{"embeddable":true,"href":"https:\/\/ekspertzdrowia.com\/en\/wp-json\/wp\/v2\/comments?post=1012"}],"version-history":[{"count":27,"href":"https:\/\/ekspertzdrowia.com\/en\/wp-json\/wp\/v2\/pages\/1012\/revisions"}],"predecessor-version":[{"id":1465,"href":"https:\/\/ekspertzdrowia.com\/en\/wp-json\/wp\/v2\/pages\/1012\/revisions\/1465"}],"wp:attachment":[{"href":"https:\/\/ekspertzdrowia.com\/en\/wp-json\/wp\/v2\/media?parent=1012"}],"curies":[{"name":"wp","href":"https:\/\/api.w.org\/{rel}","templated":true}]}}